{"id":34,"date":"2022-04-26T15:34:48","date_gmt":"2022-04-26T15:34:48","guid":{"rendered":"https:\/\/heidenheimer-abschleppdienst.de\/?page_id=34"},"modified":"2022-12-31T10:25:00","modified_gmt":"2022-12-31T10:25:00","slug":"unsere-leistungen","status":"publish","type":"page","link":"https:\/\/heidenheimer-abschleppdienst.de\/?page_id=34","title":{"rendered":"Unsere Leistungen"},"content":{"rendered":"\n<figure class=\"wp-block-image size-full\"><img loading=\"lazy\" decoding=\"async\" width=\"1024\" height=\"248\" src=\"https:\/\/heidenheimer-abschleppdienst.de\/wp-content\/uploads\/2022\/04\/Logo-300-dpi-198-x-48.jpg\" alt=\"\" class=\"wp-image-83\" srcset=\"https:\/\/heidenheimer-abschleppdienst.de\/wp-content\/uploads\/2022\/04\/Logo-300-dpi-198-x-48.jpg 1024w, https:\/\/heidenheimer-abschleppdienst.de\/wp-content\/uploads\/2022\/04\/Logo-300-dpi-198-x-48-300x73.jpg 300w, https:\/\/heidenheimer-abschleppdienst.de\/wp-content\/uploads\/2022\/04\/Logo-300-dpi-198-x-48-768x186.jpg 768w\" sizes=\"auto, (max-width: 1024px) 100vw, 1024px\" \/><\/figure>\n\n\n\n<p>Der Heidenheimer Abschleppdienst f\u00fchrt <strong>Schlepp- und Bergungsarbeiten<\/strong>, <strong>Pannenhilfe<\/strong> sowie <strong>\u00dcberf\u00fchrungsfahrten<\/strong> durch und bietet einen <strong>R\u00fcckholdienst<\/strong> an. <\/p>\n\n\n\n<p><br>Wir erteilen <strong>HU &amp; AU<\/strong> Plaketten durch DEKRA. Wir sind anerkannter DEKRA-St\u00fctzpunkt.<\/p>\n\n\n\n<p>Wir besorgen Ihnen den richtigen <strong>Mietwagen<\/strong> f\u00fcr Ihre Zwecke.<\/p>\n\n\n\n<p><br><strong>Reparaturen<\/strong> werden nach vorheriger Schadensbegutachtung und anschlie\u00dfender Beratung und Absprache durchgef\u00fchrt.<\/p>\n\n\n\n<p><br><strong>Wartungen und andere Service-Leistungen<\/strong> werden allgemein anerkannt und von uns g\u00fcnstig angeboten..<\/p>\n\n\n\n<p><strong>Ersatzteilbeschaffung<\/strong> ist auch telefonisch m\u00f6glich &#8211; wir bitten dennoch um einen pers\u00f6nlichen Erstkontakt, um eine gemeinsame Vertrauensbasis zu schaffen.<\/p>\n","protected":false},"excerpt":{"rendered":"<p>Der Heidenheimer Abschleppdienst f\u00fchrt Schlepp- und Bergungsarbeiten, Pannenhilfe sowie \u00dcberf\u00fchrungsfahrten durch und bietet einen R\u00fcckholdienst an. Wir erteilen HU &amp; AU Plaketten durch DEKRA. Wir sind anerkannter DEKRA-St\u00fctzpunkt. Wir besorgen [&hellip;]<\/p>\n","protected":false},"author":2,"featured_media":0,"parent":0,"menu_order":0,"comment_status":"closed","ping_status":"closed","template":"","meta":{"footnotes":""},"class_list":["post-34","page","type-page","status-publish","hentry"],"_links":{"self":[{"href":"https:\/\/heidenheimer-abschleppdienst.de\/index.php?rest_route=\/wp\/v2\/pages\/34","targetHints":{"allow":["GET"]}}],"collection":[{"href":"https:\/\/heidenheimer-abschleppdienst.de\/index.php?rest_route=\/wp\/v2\/pages"}],"about":[{"href":"https:\/\/heidenheimer-abschleppdienst.de\/index.php?rest_route=\/wp\/v2\/types\/page"}],"author":[{"embeddable":true,"href":"https:\/\/heidenheimer-abschleppdienst.de\/index.php?rest_route=\/wp\/v2\/users\/2"}],"replies":[{"embeddable":true,"href":"https:\/\/heidenheimer-abschleppdienst.de\/index.php?rest_route=%2Fwp%2Fv2%2Fcomments&post=34"}],"version-history":[{"count":5,"href":"https:\/\/heidenheimer-abschleppdienst.de\/index.php?rest_route=\/wp\/v2\/pages\/34\/revisions"}],"predecessor-version":[{"id":362,"href":"https:\/\/heidenheimer-abschleppdienst.de\/index.php?rest_route=\/wp\/v2\/pages\/34\/revisions\/362"}],"wp:attachment":[{"href":"https:\/\/heidenheimer-abschleppdienst.de\/index.php?rest_route=%2Fwp%2Fv2%2Fmedia&parent=34"}],"curies":[{"name":"wp","href":"https:\/\/api.w.org\/{rel}","templated":true}]}}